{"id":19,"date":"2014-07-09T15:49:34","date_gmt":"2014-07-09T15:49:34","guid":{"rendered":"http:\/\/192.168.1.104\/restaurant\/?page_id=16"},"modified":"2025-02-20T15:08:40","modified_gmt":"2025-02-20T14:08:40","slug":"evenements","status":"publish","type":"page","link":"https:\/\/www.studionegativo.com\/demo\/collective\/evenements\/","title":{"rendered":"\u00c9v\u00e9nements"},"content":{"rendered":"\n<style type=\"text\/css\" data-created_by=\"avia_inline_auto\" id=\"style-css-av-201dn-8bf4a765027535bbc16439b34a7c3727\">\n.avia-section.av-201dn-8bf4a765027535bbc16439b34a7c3727 .av-parallax .av-parallax-inner{\nbackground-repeat:no-repeat;\nbackground-image:url(https:\/\/www.studionegativo.com\/demo\/collective\/wp-content\/uploads\/sites\/23\/2019\/11\/evenements.jpg);\nbackground-position:50% 50%;\nbackground-attachment:scroll;\n}\n.avia-section.av-201dn-8bf4a765027535bbc16439b34a7c3727 .av-section-color-overlay{\nopacity:0.5;\nbackground-color:#000000;\n}\n<\/style>\n<div id='av_section_1'  class='avia-section av-201dn-8bf4a765027535bbc16439b34a7c3727 main_color avia-section-default avia-no-shadow  avia-builder-el-0  el_before_av_blog  avia-builder-el-first  avia-full-stretch av-parallax-section avia-bg-style-parallax av-section-color-overlay-active av-minimum-height av-minimum-height-75 av-height-75  container_wrap fullsize'  data-section-bg-repeat='stretch' data-av_minimum_height_pc='75' data-av_min_height_opt='75'><div class='av-parallax' data-avia-parallax-ratio='0.3' ><div class='av-parallax-inner main_color avia-full-stretch'><\/div><\/div><div class=\"av-section-color-overlay-wrap\"><div class=\"av-section-color-overlay\"><\/div><div class='container av-section-cont-open' ><main  role=\"main\" itemprop=\"mainContentOfPage\"  class='template-page content  av-content-full alpha units'><div class='post-entry post-entry-type-page post-entry-19'><div class='entry-content-wrapper clearfix'>\n\n<style type=\"text\/css\" data-created_by=\"avia_inline_auto\" id=\"style-css-av-k3py1pjx-38d65ac647bb3a845a9845b01cfc4284\">\n#top .av-special-heading.av-k3py1pjx-38d65ac647bb3a845a9845b01cfc4284{\npadding-bottom:0;\ncolor:#ffffff;\nfont-size:60px;\n}\nbody .av-special-heading.av-k3py1pjx-38d65ac647bb3a845a9845b01cfc4284 .av-special-heading-tag .heading-char{\nfont-size:25px;\n}\n#top #wrap_all .av-special-heading.av-k3py1pjx-38d65ac647bb3a845a9845b01cfc4284 .av-special-heading-tag{\nfont-size:60px;\n}\n.av-special-heading.av-k3py1pjx-38d65ac647bb3a845a9845b01cfc4284 .special-heading-inner-border{\nborder-color:#ffffff;\n}\n.av-special-heading.av-k3py1pjx-38d65ac647bb3a845a9845b01cfc4284 .av-subheading{\nfont-size:18px;\n}\n\n@media only screen and (min-width: 480px) and (max-width: 767px){ \n#top #wrap_all .av-special-heading.av-k3py1pjx-38d65ac647bb3a845a9845b01cfc4284 .av-special-heading-tag{\nfont-size:0.8em;\n}\n}\n\n@media only screen and (max-width: 479px){ \n#top #wrap_all .av-special-heading.av-k3py1pjx-38d65ac647bb3a845a9845b01cfc4284 .av-special-heading-tag{\nfont-size:0.8em;\n}\n}\n<\/style>\n<div  class='av-special-heading av-k3py1pjx-38d65ac647bb3a845a9845b01cfc4284 av-special-heading-h1 custom-color-heading blockquote modern-quote  avia-builder-el-1  avia-builder-el-no-sibling  av-inherit-size'><h1 class='av-special-heading-tag '  itemprop=\"headline\"  >\u00c9v\u00e9nements<\/h1><div class='av_custom_color av-subheading av-subheading_below'><p>Derni\u00e8res actualit\u00e9s<\/p>\n<\/div><div class=\"special-heading-border\"><div class=\"special-heading-inner-border\"><\/div><\/div><\/div>\n<\/div><\/div><\/main><!-- close content main element --><\/div><\/div><\/div><div id='after_section_1'  class='main_color av_default_container_wrap container_wrap fullsize'  ><div class='container av-section-cont-open' ><div class='template-page content  av-content-full alpha units'><div class='post-entry post-entry-type-page post-entry-19'><div class='entry-content-wrapper clearfix'>\n<div  class='av-alb-blogposts template-blog  av-blog-meta-author-disabled av-blog-meta-comments-disabled av-blog-meta-category-disabled av-blog-meta-tag-disabled '  itemscope=\"itemscope\" itemtype=\"https:\/\/schema.org\/Blog\" ><article class=\"post-entry post-entry-type-standard post-entry-874 post-loop-1 post-parity-odd single-big with-slider post-874 post type-post status-publish format-standard has-post-thumbnail hentry category-evenements\"  itemscope=\"itemscope\" itemtype=\"https:\/\/schema.org\/BlogPosting\" ><div class=\"blog-meta\"><\/div><div class='entry-content-wrapper clearfix standard-content'><header class=\"entry-content-header\" aria-label=\"Articles : Vide grenier \u00e0 Saint-Brisson\"><div class=\"av-heading-wrapper\"><h2 class='post-title entry-title '  itemprop=\"headline\" ><a href=\"https:\/\/www.studionegativo.com\/demo\/collective\/2018\/07\/23\/vide-grenier-a-quarre-les-tombes\/\" rel=\"bookmark\" title=\"Lien permanent : Vide grenier \u00e0 Saint-Brisson\">Vide grenier \u00e0 Saint-Brisson<span class=\"post-format-icon minor-meta\"><\/span><\/a><\/h2><span class=\"blog-categories minor-meta\"><a href=\"https:\/\/www.studionegativo.com\/demo\/collective\/category\/evenements\/\" rel=\"tag\">\u00c9v\u00e9nements<\/a><\/span><\/div><\/header><span class=\"av-vertical-delimiter\"><\/span><div class=\"big-preview single-big\"  itemprop=\"image\" itemscope=\"itemscope\" itemtype=\"https:\/\/schema.org\/ImageObject\" ><a href=\"https:\/\/www.studionegativo.com\/demo\/collective\/2018\/07\/23\/vide-grenier-a-quarre-les-tombes\/\"  title=\"Vide-grenier-a-Quarre-les-Tombes\" ><img decoding=\"async\" loading=\"lazy\" width=\"845\" height=\"684\" src=\"https:\/\/www.studionegativo.com\/demo\/collective\/wp-content\/uploads\/sites\/23\/2018\/07\/Vide-grenier-a-Quarre-les-Tombes-845x684.jpg\" class=\"wp-image-875 avia-img-lazy-loading-875 attachment-gallery size-gallery wp-post-image\" alt=\"\" srcset=\"https:\/\/www.studionegativo.com\/demo\/collective\/wp-content\/uploads\/sites\/23\/2018\/07\/Vide-grenier-a-Quarre-les-Tombes-845x684.jpg 845w, https:\/\/www.studionegativo.com\/demo\/collective\/wp-content\/uploads\/sites\/23\/2018\/07\/Vide-grenier-a-Quarre-les-Tombes-495x400.jpg 495w\" sizes=\"auto, (max-width: 845px) 100vw, 845px\" \/><\/a><\/div><div class=\"entry-content\"  itemprop=\"text\" >\n<p>Vide grenier \u00e0 Saint-Brisson, le <strong>mardi 15 ao\u00fbt 2020<\/strong>.<\/p>\n\n\n\n <a href=\"https:\/\/www.studionegativo.com\/demo\/collective\/2018\/07\/23\/vide-grenier-a-quarre-les-tombes\/\" class=\"more-link\">Lire la suite<span class='more-link-arrow avia-svg-icon avia-font-svg_entypo-fontello' data-av_svg_icon='right-open-big' data-av_iconset='svg_entypo-fontello'><svg version=\"1.1\" xmlns=\"http:\/\/www.w3.org\/2000\/svg\" width=\"15\" height=\"32\" viewBox=\"0 0 15 32\" preserveAspectRatio=\"xMidYMid meet\" role=\"graphics-symbol\" aria-hidden=\"true\">\n<path d=\"M0.416 27.84l11.456-11.84-11.456-11.904q-0.832-0.832 0-1.536 0.832-0.832 1.536 0l12.544 12.608q0.768 0.832 0 1.6l-12.544 12.608q-0.704 0.832-1.536 0-0.832-0.704 0-1.536z\"><\/path>\n<\/svg><\/span><\/a><\/div><span class=\"post-meta-infos\"><time class=\"date-container minor-meta updated\"  itemprop=\"datePublished\" datetime=\"2018-07-23T10:01:18+02:00\" >23 juillet 2018<\/time><\/span><footer class=\"entry-footer\"><\/footer><div class='post_delimiter'><\/div><\/div><div class=\"post_author_timeline\"><\/div><span class='hidden'>\n\t\t\t\t<span class='av-structured-data'  itemprop=\"image\" itemscope=\"itemscope\" itemtype=\"https:\/\/schema.org\/ImageObject\" >\n\t\t\t\t\t\t<span itemprop='url'>https:\/\/www.studionegativo.com\/demo\/collective\/wp-content\/uploads\/sites\/23\/2018\/07\/Vide-grenier-a-Quarre-les-Tombes.jpg<\/span>\n\t\t\t\t\t\t<span itemprop='height'>800<\/span>\n\t\t\t\t\t\t<span itemprop='width'>1200<\/span>\n\t\t\t\t<\/span>\n\t\t\t\t<span class='av-structured-data'  itemprop=\"publisher\" itemtype=\"https:\/\/schema.org\/Organization\" itemscope=\"itemscope\" >\n\t\t\t\t\t\t<span itemprop='name'>SNweb<\/span>\n\t\t\t\t\t\t<span itemprop='logo' itemscope itemtype='https:\/\/schema.org\/ImageObject'>\n\t\t\t\t\t\t\t<span itemprop='url'>https:\/\/www.studionegativo.com\/demo\/collective\/wp-content\/uploads\/sites\/23\/2019\/11\/logo_color.png<\/span>\n\t\t\t\t\t\t<\/span>\n\t\t\t\t<\/span><span class='av-structured-data'  itemprop=\"author\" itemscope=\"itemscope\" itemtype=\"https:\/\/schema.org\/Person\" ><span itemprop='name'>SNweb<\/span><\/span><span class='av-structured-data'  itemprop=\"datePublished\" datetime=\"2018-07-23T10:01:18+02:00\" >2018-07-23 10:01:18<\/span><span class='av-structured-data'  itemprop=\"dateModified\" itemtype=\"https:\/\/schema.org\/dateModified\" >2025-03-02 17:09:08<\/span><span class='av-structured-data'  itemprop=\"mainEntityOfPage\" itemtype=\"https:\/\/schema.org\/mainEntityOfPage\" ><span itemprop='name'>Vide grenier \u00e0 Saint-Brisson<\/span><\/span><\/span><\/article><article class=\"post-entry post-entry-type-standard post-entry-860 post-loop-2 post-parity-even single-big with-slider post-860 post type-post status-publish format-standard has-post-thumbnail hentry category-evenements\"  itemscope=\"itemscope\" itemtype=\"https:\/\/schema.org\/BlogPosting\" ><div class=\"blog-meta\"><\/div><div class='entry-content-wrapper clearfix standard-content'><header class=\"entry-content-header\" aria-label=\"Articles : F\u00eate de la musique \u00e0 Gouloux\"><div class=\"av-heading-wrapper\"><h2 class='post-title entry-title '  itemprop=\"headline\" ><a href=\"https:\/\/www.studionegativo.com\/demo\/collective\/2018\/06\/17\/fete-de-la-musique-a-quarre-les-tombes\/\" rel=\"bookmark\" title=\"Lien permanent : F\u00eate de la musique \u00e0 Gouloux\">F\u00eate de la musique \u00e0 Gouloux<span class=\"post-format-icon minor-meta\"><\/span><\/a><\/h2><span class=\"blog-categories minor-meta\"><a href=\"https:\/\/www.studionegativo.com\/demo\/collective\/category\/evenements\/\" rel=\"tag\">\u00c9v\u00e9nements<\/a><\/span><\/div><\/header><span class=\"av-vertical-delimiter\"><\/span><div class=\"big-preview single-big\"  itemprop=\"image\" itemscope=\"itemscope\" itemtype=\"https:\/\/schema.org\/ImageObject\" ><a href=\"https:\/\/www.studionegativo.com\/demo\/collective\/2018\/06\/17\/fete-de-la-musique-a-quarre-les-tombes\/\"  title=\"quarrecreme-morvan-Fete-de-la-musique\" ><img decoding=\"async\" loading=\"lazy\" width=\"845\" height=\"684\" src=\"https:\/\/www.studionegativo.com\/demo\/collective\/wp-content\/uploads\/sites\/23\/2018\/06\/quarrecreme-morvan_-Fete-de-la-musique-845x684.jpg\" class=\"wp-image-861 avia-img-lazy-loading-861 attachment-gallery size-gallery wp-post-image\" alt=\"\" srcset=\"https:\/\/www.studionegativo.com\/demo\/collective\/wp-content\/uploads\/sites\/23\/2018\/06\/quarrecreme-morvan_-Fete-de-la-musique-845x684.jpg 845w, https:\/\/www.studionegativo.com\/demo\/collective\/wp-content\/uploads\/sites\/23\/2018\/06\/quarrecreme-morvan_-Fete-de-la-musique-495x400.jpg 495w\" sizes=\"auto, (max-width: 845px) 100vw, 845px\" \/><\/a><\/div><div class=\"entry-content\"  itemprop=\"text\" >\n<p>Rendez-vous sur la place de Gouloux \u00e0 partir de <strong>19h le jeudi 21 juin 2020<\/strong>.<\/p>\n\n\n\n <a href=\"https:\/\/www.studionegativo.com\/demo\/collective\/2018\/06\/17\/fete-de-la-musique-a-quarre-les-tombes\/\" class=\"more-link\">Lire la suite<span class='more-link-arrow avia-svg-icon avia-font-svg_entypo-fontello' data-av_svg_icon='right-open-big' data-av_iconset='svg_entypo-fontello'><svg version=\"1.1\" xmlns=\"http:\/\/www.w3.org\/2000\/svg\" width=\"15\" height=\"32\" viewBox=\"0 0 15 32\" preserveAspectRatio=\"xMidYMid meet\" role=\"graphics-symbol\" aria-hidden=\"true\">\n<path d=\"M0.416 27.84l11.456-11.84-11.456-11.904q-0.832-0.832 0-1.536 0.832-0.832 1.536 0l12.544 12.608q0.768 0.832 0 1.6l-12.544 12.608q-0.704 0.832-1.536 0-0.832-0.704 0-1.536z\"><\/path>\n<\/svg><\/span><\/a><\/div><span class=\"post-meta-infos\"><time class=\"date-container minor-meta updated\"  itemprop=\"datePublished\" datetime=\"2018-06-17T15:01:00+02:00\" >17 juin 2018<\/time><\/span><footer class=\"entry-footer\"><\/footer><div class='post_delimiter'><\/div><\/div><div class=\"post_author_timeline\"><\/div><span class='hidden'>\n\t\t\t\t<span class='av-structured-data'  itemprop=\"image\" itemscope=\"itemscope\" itemtype=\"https:\/\/schema.org\/ImageObject\" >\n\t\t\t\t\t\t<span itemprop='url'>https:\/\/www.studionegativo.com\/demo\/collective\/wp-content\/uploads\/sites\/23\/2018\/06\/quarrecreme-morvan_-Fete-de-la-musique.jpg<\/span>\n\t\t\t\t\t\t<span itemprop='height'>1072<\/span>\n\t\t\t\t\t\t<span itemprop='width'>1500<\/span>\n\t\t\t\t<\/span>\n\t\t\t\t<span class='av-structured-data'  itemprop=\"publisher\" itemtype=\"https:\/\/schema.org\/Organization\" itemscope=\"itemscope\" >\n\t\t\t\t\t\t<span itemprop='name'>SNweb<\/span>\n\t\t\t\t\t\t<span itemprop='logo' itemscope itemtype='https:\/\/schema.org\/ImageObject'>\n\t\t\t\t\t\t\t<span itemprop='url'>https:\/\/www.studionegativo.com\/demo\/collective\/wp-content\/uploads\/sites\/23\/2019\/11\/logo_color.png<\/span>\n\t\t\t\t\t\t<\/span>\n\t\t\t\t<\/span><span class='av-structured-data'  itemprop=\"author\" itemscope=\"itemscope\" itemtype=\"https:\/\/schema.org\/Person\" ><span itemprop='name'>SNweb<\/span><\/span><span class='av-structured-data'  itemprop=\"datePublished\" datetime=\"2018-06-17T15:01:00+02:00\" >2018-06-17 15:01:00<\/span><span class='av-structured-data'  itemprop=\"dateModified\" itemtype=\"https:\/\/schema.org\/dateModified\" >2018-06-17 15:01:00<\/span><span class='av-structured-data'  itemprop=\"mainEntityOfPage\" itemtype=\"https:\/\/schema.org\/mainEntityOfPage\" ><span itemprop='name'>F\u00eate de la musique \u00e0 Gouloux<\/span><\/span><\/span><\/article><article class=\"post-entry post-entry-type-standard post-entry-83 post-loop-3 post-parity-odd post-entry-last single-big with-slider post-83 post type-post status-publish format-standard has-post-thumbnail hentry category-evenements\"  itemscope=\"itemscope\" itemtype=\"https:\/\/schema.org\/BlogPosting\" ><div class=\"blog-meta\"><\/div><div class='entry-content-wrapper clearfix standard-content'><header class=\"entry-content-header\" aria-label=\"Articles : Feu d\u2019artifice \u00e0 Saint-Brisson\"><div class=\"av-heading-wrapper\"><h2 class='post-title entry-title '  itemprop=\"headline\" ><a href=\"https:\/\/www.studionegativo.com\/demo\/collective\/2018\/06\/05\/how-to-selecting-the-perfect-wine\/\" rel=\"bookmark\" title=\"Lien permanent : Feu d\u2019artifice \u00e0 Saint-Brisson\">Feu d\u2019artifice \u00e0 Saint-Brisson<span class=\"post-format-icon minor-meta\"><\/span><\/a><\/h2><span class=\"blog-categories minor-meta\"><a href=\"https:\/\/www.studionegativo.com\/demo\/collective\/category\/evenements\/\" rel=\"tag\">\u00c9v\u00e9nements<\/a><\/span><\/div><\/header><span class=\"av-vertical-delimiter\"><\/span><div class=\"big-preview single-big\"  itemprop=\"image\" itemscope=\"itemscope\" itemtype=\"https:\/\/schema.org\/ImageObject\" ><a href=\"https:\/\/www.studionegativo.com\/demo\/collective\/2018\/06\/05\/how-to-selecting-the-perfect-wine\/\"  title=\"feu-d-artifice-a-Quarre-les-Tombes\" ><img decoding=\"async\" loading=\"lazy\" width=\"845\" height=\"684\" src=\"https:\/\/www.studionegativo.com\/demo\/collective\/wp-content\/uploads\/sites\/23\/2014\/07\/feu-d-artifice-a-Quarre-les-Tombes-845x684.jpg\" class=\"wp-image-822 avia-img-lazy-loading-822 attachment-gallery size-gallery wp-post-image\" alt=\"\" srcset=\"https:\/\/www.studionegativo.com\/demo\/collective\/wp-content\/uploads\/sites\/23\/2014\/07\/feu-d-artifice-a-Quarre-les-Tombes-845x684.jpg 845w, https:\/\/www.studionegativo.com\/demo\/collective\/wp-content\/uploads\/sites\/23\/2014\/07\/feu-d-artifice-a-Quarre-les-Tombes-495x400.jpg 495w\" sizes=\"auto, (max-width: 845px) 100vw, 845px\" \/><\/a><\/div><div class=\"entry-content\"  itemprop=\"text\" ><p>Le feu d\u2019artifice \u00e0 Saint-Brisson aura lieu le 7 juillet 2020 \u00e0 la tomb\u00e9e de la nuit.<\/p>\n<\/div><span class=\"post-meta-infos\"><time class=\"date-container minor-meta updated\"  itemprop=\"datePublished\" datetime=\"2018-06-05T22:13:04+02:00\" >5 juin 2018<\/time><\/span><footer class=\"entry-footer\"><\/footer><div class='post_delimiter'><\/div><\/div><div class=\"post_author_timeline\"><\/div><span class='hidden'>\n\t\t\t\t<span class='av-structured-data'  itemprop=\"image\" itemscope=\"itemscope\" itemtype=\"https:\/\/schema.org\/ImageObject\" >\n\t\t\t\t\t\t<span itemprop='url'>https:\/\/www.studionegativo.com\/demo\/collective\/wp-content\/uploads\/sites\/23\/2014\/07\/feu-d-artifice-a-Quarre-les-Tombes.jpg<\/span>\n\t\t\t\t\t\t<span itemprop='height'>1072<\/span>\n\t\t\t\t\t\t<span itemprop='width'>1500<\/span>\n\t\t\t\t<\/span>\n\t\t\t\t<span class='av-structured-data'  itemprop=\"publisher\" itemtype=\"https:\/\/schema.org\/Organization\" itemscope=\"itemscope\" >\n\t\t\t\t\t\t<span itemprop='name'>SNweb<\/span>\n\t\t\t\t\t\t<span itemprop='logo' itemscope itemtype='https:\/\/schema.org\/ImageObject'>\n\t\t\t\t\t\t\t<span itemprop='url'>https:\/\/www.studionegativo.com\/demo\/collective\/wp-content\/uploads\/sites\/23\/2019\/11\/logo_color.png<\/span>\n\t\t\t\t\t\t<\/span>\n\t\t\t\t<\/span><span class='av-structured-data'  itemprop=\"author\" itemscope=\"itemscope\" itemtype=\"https:\/\/schema.org\/Person\" ><span itemprop='name'>SNweb<\/span><\/span><span class='av-structured-data'  itemprop=\"datePublished\" datetime=\"2018-06-05T22:13:04+02:00\" >2018-06-05 22:13:04<\/span><span class='av-structured-data'  itemprop=\"dateModified\" itemtype=\"https:\/\/schema.org\/dateModified\" >2018-06-05 22:13:04<\/span><span class='av-structured-data'  itemprop=\"mainEntityOfPage\" itemtype=\"https:\/\/schema.org\/mainEntityOfPage\" ><span itemprop='name'>Feu d\u2019artifice \u00e0 Saint-Brisson<\/span><\/span><\/span><\/article><div class='single-big'><\/div><\/div>\n","protected":false},"excerpt":{"rendered":"","protected":false},"author":1,"featured_media":0,"parent":0,"menu_order":0,"comment_status":"open","ping_status":"open","template":"","meta":{"footnotes":""},"class_list":["post-19","page","type-page","status-publish","hentry"],"_links":{"self":[{"href":"https:\/\/www.studionegativo.com\/demo\/collective\/wp-json\/wp\/v2\/pages\/19","targetHints":{"allow":["GET"]}}],"collection":[{"href":"https:\/\/www.studionegativo.com\/demo\/collective\/wp-json\/wp\/v2\/pages"}],"about":[{"href":"https:\/\/www.studionegativo.com\/demo\/collective\/wp-json\/wp\/v2\/types\/page"}],"author":[{"embeddable":true,"href":"https:\/\/www.studionegativo.com\/demo\/collective\/wp-json\/wp\/v2\/users\/1"}],"replies":[{"embeddable":true,"href":"https:\/\/www.studionegativo.com\/demo\/collective\/wp-json\/wp\/v2\/comments?post=19"}],"version-history":[{"count":3,"href":"https:\/\/www.studionegativo.com\/demo\/collective\/wp-json\/wp\/v2\/pages\/19\/revisions"}],"predecessor-version":[{"id":1300,"href":"https:\/\/www.studionegativo.com\/demo\/collective\/wp-json\/wp\/v2\/pages\/19\/revisions\/1300"}],"wp:attachment":[{"href":"https:\/\/www.studionegativo.com\/demo\/collective\/wp-json\/wp\/v2\/media?parent=19"}],"curies":[{"name":"wp","href":"https:\/\/api.w.org\/{rel}","templated":true}]}}