{"id":491,"date":"2018-01-26T11:32:57","date_gmt":"2018-01-26T10:32:57","guid":{"rendered":"https:\/\/studionegativo.com\/demo-asso\/collective\/?page_id=491"},"modified":"2025-02-20T15:51:50","modified_gmt":"2025-02-20T14:51:50","slug":"contact","status":"publish","type":"page","link":"https:\/\/www.studionegativo.com\/demo\/collective\/contact\/","title":{"rendered":"Contact"},"content":{"rendered":"\n<style type=\"text\/css\" data-created_by=\"avia_inline_auto\" id=\"style-css-av-6fpff-6afb644d3673f3e4f9e43f81912cb7b1\">\n.avia-section.av-6fpff-6afb644d3673f3e4f9e43f81912cb7b1{\nbackground-repeat:no-repeat;\nbackground-image:url(https:\/\/www.studionegativo.com\/demo\/collective\/wp-content\/uploads\/sites\/23\/2019\/11\/contact.jpg);\nbackground-position:50% 50%;\nbackground-attachment:fixed;\n}\n.avia-section.av-6fpff-6afb644d3673f3e4f9e43f81912cb7b1 .av-section-color-overlay{\nopacity:0.5;\nbackground-color:#000000;\n}\n<\/style>\n<div id='av_section_1'  class='avia-section av-6fpff-6afb644d3673f3e4f9e43f81912cb7b1 main_color avia-section-default avia-no-shadow  avia-builder-el-0  el_before_av_section  avia-builder-el-first  avia-full-stretch avia-bg-style-fixed av-section-color-overlay-active av-minimum-height av-minimum-height-75 av-height-75  container_wrap fullsize'  data-section-bg-repeat='stretch' data-av_minimum_height_pc='75' data-av_min_height_opt='75'><div class=\"av-section-color-overlay-wrap\"><div class=\"av-section-color-overlay\"><\/div><div class='container av-section-cont-open' ><main  role=\"main\" itemprop=\"mainContentOfPage\"  class='template-page content  av-content-full alpha units'><div class='post-entry post-entry-type-page post-entry-491'><div class='entry-content-wrapper clearfix'>\n<\/div><\/div><\/main><!-- close content main element --><\/div><\/div><\/div><div id='av_section_2'  class='avia-section av-1ib4mz-0e517253429d361a8d637891344449dc alternate_color avia-section-default avia-no-shadow  avia-builder-el-1  el_after_av_section  el_before_av_google_map  avia-bg-style-scroll container_wrap fullsize'  ><div class='container av-section-cont-open' ><div class='template-page content  av-content-full alpha units'><div class='post-entry post-entry-type-page post-entry-491'><div class='entry-content-wrapper clearfix'>\n\n<style type=\"text\/css\" data-created_by=\"avia_inline_auto\" id=\"style-css-av-qnz0r-596fbdd342468266a2dd80142229fb0d\">\n.flex_column.av-qnz0r-596fbdd342468266a2dd80142229fb0d{\nborder-radius:0px 0px 0px 0px;\npadding:0px 0px 0px 0px;\n}\n<\/style>\n<div  class='flex_column av-qnz0r-596fbdd342468266a2dd80142229fb0d av_one_fifth  avia-builder-el-2  el_before_av_three_fifth  avia-builder-el-first  first flex_column_div av-zero-column-padding  '     ><\/div>\n<style type=\"text\/css\" data-created_by=\"avia_inline_auto\" id=\"style-css-av-kca9f-3996e65bbe21d073ec85a17e0dfdcfa5\">\n.flex_column.av-kca9f-3996e65bbe21d073ec85a17e0dfdcfa5{\nborder-radius:0px 0px 0px 0px;\npadding:0px 0px 0px 0px;\n}\n<\/style>\n<div  class='flex_column av-kca9f-3996e65bbe21d073ec85a17e0dfdcfa5 av_three_fifth  avia-builder-el-3  el_after_av_one_fifth  el_before_av_one_fifth  flex_column_div av-zero-column-padding  '     ><style type=\"text\/css\" data-created_by=\"avia_inline_auto\" id=\"style-css-av-k3q03q0t-2139525e841305022d3951416946ff93\">\n#top .av-special-heading.av-k3q03q0t-2139525e841305022d3951416946ff93{\npadding-bottom:30px;\ncolor:#000000;\n}\nbody .av-special-heading.av-k3q03q0t-2139525e841305022d3951416946ff93 .av-special-heading-tag .heading-char{\nfont-size:25px;\n}\n.av-special-heading.av-k3q03q0t-2139525e841305022d3951416946ff93 .special-heading-inner-border{\nborder-color:#000000;\n}\n.av-special-heading.av-k3q03q0t-2139525e841305022d3951416946ff93 .av-subheading{\nfont-size:20px;\n}\n<\/style>\n<div  class='av-special-heading av-k3q03q0t-2139525e841305022d3951416946ff93 av-special-heading-h1 custom-color-heading blockquote modern-quote modern-centered  avia-builder-el-4  avia-builder-el-no-sibling  av-thin-font'><h1 class='av-special-heading-tag '  itemprop=\"headline\"  >Vous souhaitez nous <strong>contacter<\/strong><\/h1><div class='av_custom_color av-subheading av-subheading_below'><p>Vous pouvez le faire en venant sur place le vendredi matin de 9h \u00e0 10h30 autour d&rsquo;un petit caf\u00e9 ou en utlilisant le formulaire ci-dessous.<\/p>\n<\/div><div class=\"special-heading-border\"><div class=\"special-heading-inner-border\"><\/div><\/div><\/div><\/div>\n<style type=\"text\/css\" data-created_by=\"avia_inline_auto\" id=\"style-css-av-dr9ur-76d328f8fd288fe7be250d7ab5f1c15b\">\n.flex_column.av-dr9ur-76d328f8fd288fe7be250d7ab5f1c15b{\nborder-radius:0px 0px 0px 0px;\npadding:0px 0px 0px 0px;\n}\n<\/style>\n<div  class='flex_column av-dr9ur-76d328f8fd288fe7be250d7ab5f1c15b av_one_fifth  avia-builder-el-5  el_after_av_three_fifth  el_before_av_hr  flex_column_div av-zero-column-padding  '     ><\/div>\n<style type=\"text\/css\" data-created_by=\"avia_inline_auto\" id=\"style-css-av-k37gdtao-f7c62692ba81a0f64b95420a2c3a5835\">\n#top .hr.hr-invisible.av-k37gdtao-f7c62692ba81a0f64b95420a2c3a5835{\nheight:50px;\n}\n<\/style>\n<div  class='hr av-k37gdtao-f7c62692ba81a0f64b95420a2c3a5835 hr-invisible  avia-builder-el-6  el_after_av_one_fifth  el_before_av_one_half '><span class='hr-inner '><span class=\"hr-inner-style\"><\/span><\/span><\/div>\n\n<style type=\"text\/css\" data-created_by=\"avia_inline_auto\" id=\"style-css-av-16i9vv-01a28968ca39835ecc6a0f1b16f7f36e\">\n.flex_column.av-16i9vv-01a28968ca39835ecc6a0f1b16f7f36e{\nborder-radius:0px 0px 0px 0px;\npadding:0px 0px 0px 0px;\n}\n<\/style>\n<div  class='flex_column av-16i9vv-01a28968ca39835ecc6a0f1b16f7f36e av_one_half  avia-builder-el-7  el_after_av_hr  el_before_av_one_half  first flex_column_div av-zero-column-padding  '     ><p>\n<style type=\"text\/css\" data-created_by=\"avia_inline_auto\" id=\"style-css-av-vkk9v-22a040cdfa3425e7e30e420c9e3def0a\">\n.avia-image-container.av-vkk9v-22a040cdfa3425e7e30e420c9e3def0a img.avia_image{\nbox-shadow:none;\n}\n.avia-image-container.av-vkk9v-22a040cdfa3425e7e30e420c9e3def0a .av-image-caption-overlay-center{\ncolor:#ffffff;\n}\n<\/style>\n<div  class='avia-image-container av-vkk9v-22a040cdfa3425e7e30e420c9e3def0a av-styling- avia-align-center  avia-builder-el-8  el_before_av_textblock  avia-builder-el-first '   itemprop=\"image\" itemscope=\"itemscope\" itemtype=\"https:\/\/schema.org\/ImageObject\" ><div class=\"avia-image-container-inner\"><div class=\"avia-image-overlay-wrap\"><img decoding=\"async\" fetchpriority=\"high\" class='wp-image-967 avia-img-lazy-loading-not-967 avia_image ' src=\"https:\/\/www.studionegativo.com\/demo\/collective\/wp-content\/uploads\/sites\/23\/2019\/11\/home-1.jpg\" alt='' title='home-1'  height=\"1155\" width=\"1732\"  itemprop=\"thumbnailUrl\" srcset=\"https:\/\/www.studionegativo.com\/demo\/collective\/wp-content\/uploads\/sites\/23\/2019\/11\/home-1.jpg 1732w, https:\/\/www.studionegativo.com\/demo\/collective\/wp-content\/uploads\/sites\/23\/2019\/11\/home-1-300x200.jpg 300w, https:\/\/www.studionegativo.com\/demo\/collective\/wp-content\/uploads\/sites\/23\/2019\/11\/home-1-1030x687.jpg 1030w, https:\/\/www.studionegativo.com\/demo\/collective\/wp-content\/uploads\/sites\/23\/2019\/11\/home-1-768x512.jpg 768w, https:\/\/www.studionegativo.com\/demo\/collective\/wp-content\/uploads\/sites\/23\/2019\/11\/home-1-1536x1024.jpg 1536w, https:\/\/www.studionegativo.com\/demo\/collective\/wp-content\/uploads\/sites\/23\/2019\/11\/home-1-1500x1000.jpg 1500w, https:\/\/www.studionegativo.com\/demo\/collective\/wp-content\/uploads\/sites\/23\/2019\/11\/home-1-705x470.jpg 705w\" sizes=\"(max-width: 1732px) 100vw, 1732px\" \/><\/div><\/div><\/div><br \/>\n\n<style type=\"text\/css\" data-created_by=\"avia_inline_auto\" id=\"style-css-av-qvqcb-d7f2014613ccc4455a27e2606dc4b8f4\">\n#top .av_textblock_section.av-qvqcb-d7f2014613ccc4455a27e2606dc4b8f4 .avia_textblock{\nfont-size:18px;\n}\n<\/style>\n<section  class='av_textblock_section av-qvqcb-d7f2014613ccc4455a27e2606dc4b8f4 '   itemscope=\"itemscope\" itemtype=\"https:\/\/schema.org\/CreativeWork\" ><div class='avia_textblock'  itemprop=\"text\" ><p><strong>Association COLLECTIVE<\/strong><br \/>\n\u00ab Pellentesque sit amet ligula id diam facilisis pellentesque \u00bb<br \/>\n14, place de l\u2019\u00c9glise<br \/>\n58230 Saint-Brisson<br \/>\nTel : 03 00 00 00 00<\/p>\n<p>Duis sed aliquam tortor. Fusce posuere blandit feugiat. In hac habitasse platea dictumst.<\/p>\n<\/div><\/section><\/p><\/div>\n<style type=\"text\/css\" data-created_by=\"avia_inline_auto\" id=\"style-css-av-j9zej-9a5abe675fb14f8e2f265d9e080dbd1a\">\n.flex_column.av-j9zej-9a5abe675fb14f8e2f265d9e080dbd1a{\nborder-radius:0px 0px 0px 0px;\npadding:0px 0px 0px 0px;\n}\n<\/style>\n<div  class='flex_column av-j9zej-9a5abe675fb14f8e2f265d9e080dbd1a av_one_half  avia-builder-el-10  el_after_av_one_half  avia-builder-el-last  flex_column_div av-zero-column-padding  '     ><p>\n<style type=\"text\/css\" data-created_by=\"avia_inline_auto\" id=\"style-css-av-7l4xv-e63ad424c4e1ab8a9683189eceddbef7\">\n#top .av-special-heading.av-7l4xv-e63ad424c4e1ab8a9683189eceddbef7{\npadding-bottom:30px;\ncolor:#000000;\n}\nbody .av-special-heading.av-7l4xv-e63ad424c4e1ab8a9683189eceddbef7 .av-special-heading-tag .heading-char{\nfont-size:25px;\n}\n.av-special-heading.av-7l4xv-e63ad424c4e1ab8a9683189eceddbef7 .special-heading-inner-border{\nborder-color:#000000;\n}\n.av-special-heading.av-7l4xv-e63ad424c4e1ab8a9683189eceddbef7 .av-subheading{\nfont-size:15px;\n}\n<\/style>\n<div  class='av-special-heading av-7l4xv-e63ad424c4e1ab8a9683189eceddbef7 av-special-heading-h3 custom-color-heading  avia-builder-el-11  el_before_av_contact  avia-builder-el-first '><h3 class='av-special-heading-tag '  itemprop=\"headline\"  >Envoyez-nous un mail<\/h3><div class=\"special-heading-border\"><div class=\"special-heading-inner-border\"><\/div><\/div><\/div><br \/>\n<form action=\"https:\/\/www.studionegativo.com\/demo\/collective\/contact\/\" method=\"post\" data-fields-with-error=\"Erreurs trouv\u00e9es dans les champs suivants :\" class=\"avia_ajax_form av-form-labels-visible   avia-builder-el-12  el_after_av_heading  avia-builder-el-last   \" data-avia-form-id=\"1\" data-avia-redirect='' ><fieldset><p class='  first_form  form_element form_fullwidth' id='element_avia_1_1'><label for=\"avia_1_1\">Nom <abbr class=\"required\" title=\"requis(e)\">*<\/abbr><\/label> <input name=\"avia_1_1\" class=\"text_input is_empty\" type=\"text\" id=\"avia_1_1\" value=\"\" \/><\/p><p class='  first_form  form_element form_fullwidth' id='element_avia_2_1'><label for=\"avia_2_1\">Adresse mail <abbr class=\"required\" title=\"requis(e)\">*<\/abbr><\/label> <input name=\"avia_2_1\" class=\"text_input is_email\" type=\"text\" id=\"avia_2_1\" value=\"\" \/><\/p><p class='  first_form  form_element form_fullwidth' id='element_avia_3_1'><label for=\"avia_3_1\">Sujet <abbr class=\"required\" title=\"requis(e)\">*<\/abbr><\/label> <input name=\"avia_3_1\" class=\"text_input is_empty\" type=\"text\" id=\"avia_3_1\" value=\"\" \/><\/p><p class='  first_form  form_element form_fullwidth' id='element_avia_4_1'><label for=\"avia_4_1\" class=\"textare_label hidden textare_label_avia_4_1\">Message <abbr class=\"required\" title=\"requis(e)\">*<\/abbr><\/label><textarea  name=\"avia_4_1\" class=\"text_area is_empty\" cols=\"40\" rows=\"7\" id=\"avia_4_1\" ><\/textarea><\/p><p class=\"hidden\"><input type=\"text\" name=\"avia_5_1\" class=\"hidden \" id=\"avia_5_1\" value=\"\" \/><\/p><p class='   form_element form_fullwidth' id='element_avia_6_1'><span class='value_verifier_label'>0 + 1 = ?<\/span><input name=\"avia_6_1_verifier\" type=\"hidden\" id=\"avia_6_1_verifier\" value=\"233528717\"\/><label for=\"avia_6_1\">Merci de prouver que vous \u00eates un humain en donnant le r\u00e9sultat de cette op\u00e9ration <abbr class=\"required\" title=\"requis(e)\">*<\/abbr><\/label><input name=\"avia_6_1\" class=\"text_input captcha\" type=\"text\" id=\"avia_6_1\" value=\"\"\/><\/p><p class=\"form_element \"><input type=\"hidden\" value=\"1\" name=\"avia_generated_form1\" \/><input type=\"submit\" value=\"Envoyer\" class=\"button\"  data-sending-label=\"Envoi\"\/><\/p><\/fieldset><\/form><div id=\"ajaxresponse_1\" class=\"ajaxresponse ajaxresponse_1 hidden\"><\/div><\/p><\/div>\n\n<div  class='av_gmaps_sc_main_wrap av_gmaps_main_wrap '><div id='av_gmap_0' class='avia-google-map-container avia-google-map-sc av_gmaps_show_unconditionally av-no-fallback-img ' data-mapid='av_gmap_0'  style='height: 400px;'><a class=\"av_gmaps_browser_disabled av_text_confirm_link av_text_confirm_link_visible\" href=\"https:\/\/www.google.com\/maps\/search\/?api=1&#038;query=Les%20Petites%20Fourches%20%20Saint-Brisson%20%20France\" target=\"_blank\">Les cartes ont \u00e9t\u00e9 d\u00e9sactiv\u00e9es par le visiteur sur ce site. Cliquer pour ouvrir la carte dans une nouvelle fen\u00eatre.<\/a><\/div><\/div>\n","protected":false},"excerpt":{"rendered":"","protected":false},"author":1,"featured_media":0,"parent":0,"menu_order":0,"comment_status":"open","ping_status":"open","template":"","meta":{"footnotes":""},"class_list":["post-491","page","type-page","status-publish","hentry"],"_links":{"self":[{"href":"https:\/\/www.studionegativo.com\/demo\/collective\/wp-json\/wp\/v2\/pages\/491","targetHints":{"allow":["GET"]}}],"collection":[{"href":"https:\/\/www.studionegativo.com\/demo\/collective\/wp-json\/wp\/v2\/pages"}],"about":[{"href":"https:\/\/www.studionegativo.com\/demo\/collective\/wp-json\/wp\/v2\/types\/page"}],"author":[{"embeddable":true,"href":"https:\/\/www.studionegativo.com\/demo\/collective\/wp-json\/wp\/v2\/users\/1"}],"replies":[{"embeddable":true,"href":"https:\/\/www.studionegativo.com\/demo\/collective\/wp-json\/wp\/v2\/comments?post=491"}],"version-history":[{"count":3,"href":"https:\/\/www.studionegativo.com\/demo\/collective\/wp-json\/wp\/v2\/pages\/491\/revisions"}],"predecessor-version":[{"id":1324,"href":"https:\/\/www.studionegativo.com\/demo\/collective\/wp-json\/wp\/v2\/pages\/491\/revisions\/1324"}],"wp:attachment":[{"href":"https:\/\/www.studionegativo.com\/demo\/collective\/wp-json\/wp\/v2\/media?parent=491"}],"curies":[{"name":"wp","href":"https:\/\/api.w.org\/{rel}","templated":true}]}}