{"id":4466,"date":"2022-10-31T11:13:37","date_gmt":"2022-10-31T11:13:37","guid":{"rendered":"https:\/\/www.studionegativo.com\/demo\/petite-commune\/?page_id=4466"},"modified":"2025-05-25T19:17:33","modified_gmt":"2025-05-25T19:17:33","slug":"budgets-municipal","status":"publish","type":"page","link":"https:\/\/www.studionegativo.com\/demo\/petite-commune\/la-municipalite\/budgets-municipal\/","title":{"rendered":"Le budget municipal"},"content":{"rendered":"<div  class='flex_column av-5h67uq-5838e5059d90cebdaad9145ab924e1af av_one_fifth  avia-builder-el-0  el_before_av_three_fifth  avia-builder-el-first  first flex_column_div  '     ><\/div>\n<div  class='flex_column av-4xup9u-c35042cdfa5362afee95644679aea684 av_three_fifth  avia-builder-el-1  el_after_av_one_fifth  el_before_av_one_fifth  flex_column_div  '     ><p>\n<style type=\"text\/css\" data-created_by=\"avia_inline_auto\" id=\"style-css-av-2zbh8i-74621d80e0b0cd2f7c74078d0fba9aa3\">\n#top .av-special-heading.av-2zbh8i-74621d80e0b0cd2f7c74078d0fba9aa3{\nmargin:0 0 0 0;\npadding-bottom:0;\nfont-size:60px;\n}\nbody .av-special-heading.av-2zbh8i-74621d80e0b0cd2f7c74078d0fba9aa3 .av-special-heading-tag .heading-char{\nfont-size:25px;\n}\n#top #wrap_all .av-special-heading.av-2zbh8i-74621d80e0b0cd2f7c74078d0fba9aa3 .av-special-heading-tag{\nfont-size:60px;\n}\n.av-special-heading.av-2zbh8i-74621d80e0b0cd2f7c74078d0fba9aa3 .av-subheading{\nfont-size:25px;\n}\n\n@media only screen and (min-width: 480px) and (max-width: 767px){ \n#top #wrap_all .av-special-heading.av-2zbh8i-74621d80e0b0cd2f7c74078d0fba9aa3 .av-special-heading-tag{\nfont-size:0.8em;\n}\n}\n\n@media only screen and (max-width: 479px){ \n#top #wrap_all .av-special-heading.av-2zbh8i-74621d80e0b0cd2f7c74078d0fba9aa3 .av-special-heading-tag{\nfont-size:0.8em;\n}\n}\n<\/style>\n<div  class='av-special-heading av-2zbh8i-74621d80e0b0cd2f7c74078d0fba9aa3 av-special-heading-h1 custom-color-heading blockquote modern-quote  avia-builder-el-2  el_before_av_hr  avia-builder-el-first  av-inherit-size'><h1 class='av-special-heading-tag '  itemprop=\"headline\"  >Le budget municipal<\/h1><div class='av-subheading av-subheading_below'><p>En 2022, 11 projets ont \u00e9t\u00e9 vot\u00e9s.<\/p>\n<\/div><div class=\"special-heading-border\"><div class=\"special-heading-inner-border\"><\/div><\/div><\/div><br \/>\n\n<style type=\"text\/css\" data-created_by=\"avia_inline_auto\" id=\"style-css-av-komwvoez-c51911fbfddfe21197a5a3ddca50c76a\">\n#top .hr.hr-invisible.av-komwvoez-c51911fbfddfe21197a5a3ddca50c76a{\nheight:50px;\n}\n<\/style>\n<div  class='hr av-komwvoez-c51911fbfddfe21197a5a3ddca50c76a hr-invisible  avia-builder-el-3  el_after_av_heading  el_before_av_magazine '><span class='hr-inner '><span class=\"hr-inner-style\"><\/span><\/span><\/div><br \/>\n<div  id=\"avia-magazine-1\"  class='av-magazine av-knwztd9x-944b9164a1f6a3f4f08d2f1886a76385 av-magazine-top-bar-active av-magazine-tabs-active  avia-builder-el-4  el_after_av_hr  avia-builder-el-last   avia-builder-el-4  el_after_av_hr  avia-builder-el-last ' ><div class='av-magazine-top-bar '><\/div><div class='av-magazine-group sort_all'><article class='av-magazine-entry av-magazine-entry-id-4490 av-magazine-format-standard av-magazine-type-post av-magazine-entry-1 av-magazine-entry-small '  itemscope=\"itemscope\" itemtype=\"https:\/\/schema.org\/CreativeWork\" ><div class=\"av-magazine-thumbnail\"><a href='https:\/\/www.studionegativo.com\/demo\/petite-commune\/budgets-municipal-2022\/' title='Lier vers : Budgets municipal 2022' class='av-magazine-thumbnail-link'><img decoding=\"async\" fetchpriority=\"high\" width=\"80\" height=\"80\" src=\"https:\/\/www.studionegativo.com\/demo\/petite-commune\/wp-content\/uploads\/sites\/16\/2022\/10\/Budgets-municipal-80x80.jpg\" class=\"wp-image-4491 avia-img-lazy-loading-not-4491 attachment-thumbnail size-thumbnail wp-post-image\" alt=\"\" srcset=\"https:\/\/www.studionegativo.com\/demo\/petite-commune\/wp-content\/uploads\/sites\/16\/2022\/10\/Budgets-municipal-80x80.jpg 80w, https:\/\/www.studionegativo.com\/demo\/petite-commune\/wp-content\/uploads\/sites\/16\/2022\/10\/Budgets-municipal-36x36.jpg 36w, https:\/\/www.studionegativo.com\/demo\/petite-commune\/wp-content\/uploads\/sites\/16\/2022\/10\/Budgets-municipal-180x180.jpg 180w\" sizes=\"(max-width: 80px) 100vw, 80px\" \/><\/a><\/div><div class=\"av-magazine-content-wrap\"><header class=\"entry-content-header\" aria-label=\"Articles : Budgets municipal 2022\"><time class='av-magazine-time updated'  itemprop=\"datePublished\" datetime=\"2022-10-31T13:03:44+00:00\" >octobre 31, 2022<\/time><h3 class='av-magazine-title entry-title '  itemprop=\"headline\" ><a href='https:\/\/www.studionegativo.com\/demo\/petite-commune\/budgets-municipal-2022\/' title='Lier vers : Budgets municipal 2022'>Budgets municipal 2022<\/a><\/h3><\/header><\/div><footer class=\"entry-footer\"><\/footer><\/article><article class='av-magazine-entry av-magazine-entry-id-4494 av-magazine-format-standard av-magazine-type-post av-magazine-entry-2 av-magazine-entry-small '  itemscope=\"itemscope\" itemtype=\"https:\/\/schema.org\/CreativeWork\" ><div class=\"av-magazine-thumbnail\"><a href='https:\/\/www.studionegativo.com\/demo\/petite-commune\/budgets-municipal-2021\/' title='Lier vers : Budgets municipal 2021' class='av-magazine-thumbnail-link'><img decoding=\"async\" fetchpriority=\"high\" width=\"80\" height=\"80\" src=\"https:\/\/www.studionegativo.com\/demo\/petite-commune\/wp-content\/uploads\/sites\/16\/2022\/10\/Budgets-municipal-80x80.jpg\" class=\"wp-image-4491 avia-img-lazy-loading-not-4491 attachment-thumbnail size-thumbnail wp-post-image\" alt=\"\" srcset=\"https:\/\/www.studionegativo.com\/demo\/petite-commune\/wp-content\/uploads\/sites\/16\/2022\/10\/Budgets-municipal-80x80.jpg 80w, https:\/\/www.studionegativo.com\/demo\/petite-commune\/wp-content\/uploads\/sites\/16\/2022\/10\/Budgets-municipal-36x36.jpg 36w, https:\/\/www.studionegativo.com\/demo\/petite-commune\/wp-content\/uploads\/sites\/16\/2022\/10\/Budgets-municipal-180x180.jpg 180w\" sizes=\"(max-width: 80px) 100vw, 80px\" \/><\/a><\/div><div class=\"av-magazine-content-wrap\"><header class=\"entry-content-header\" aria-label=\"Articles : Budgets municipal 2021\"><time class='av-magazine-time updated'  itemprop=\"datePublished\" datetime=\"2021-10-31T13:05:32+00:00\" >octobre 31, 2021<\/time><h3 class='av-magazine-title entry-title '  itemprop=\"headline\" ><a href='https:\/\/www.studionegativo.com\/demo\/petite-commune\/budgets-municipal-2021\/' title='Lier vers : Budgets municipal 2021'>Budgets municipal 2021<\/a><\/h3><\/header><\/div><footer class=\"entry-footer\"><\/footer><\/article><article class='av-magazine-entry av-magazine-entry-id-4496 av-magazine-format-standard av-magazine-type-post av-magazine-entry-3 av-magazine-entry-small '  itemscope=\"itemscope\" itemtype=\"https:\/\/schema.org\/CreativeWork\" ><div class=\"av-magazine-thumbnail\"><a href='https:\/\/www.studionegativo.com\/demo\/petite-commune\/budgets-municipal-2020\/' title='Lier vers : Budgets municipal 2020' class='av-magazine-thumbnail-link'><img decoding=\"async\" fetchpriority=\"high\" width=\"80\" height=\"80\" src=\"https:\/\/www.studionegativo.com\/demo\/petite-commune\/wp-content\/uploads\/sites\/16\/2022\/10\/Budgets-municipal-80x80.jpg\" class=\"wp-image-4491 avia-img-lazy-loading-not-4491 attachment-thumbnail size-thumbnail wp-post-image\" alt=\"\" srcset=\"https:\/\/www.studionegativo.com\/demo\/petite-commune\/wp-content\/uploads\/sites\/16\/2022\/10\/Budgets-municipal-80x80.jpg 80w, https:\/\/www.studionegativo.com\/demo\/petite-commune\/wp-content\/uploads\/sites\/16\/2022\/10\/Budgets-municipal-36x36.jpg 36w, https:\/\/www.studionegativo.com\/demo\/petite-commune\/wp-content\/uploads\/sites\/16\/2022\/10\/Budgets-municipal-180x180.jpg 180w\" sizes=\"(max-width: 80px) 100vw, 80px\" \/><\/a><\/div><div class=\"av-magazine-content-wrap\"><header class=\"entry-content-header\" aria-label=\"Articles : Budgets municipal 2020\"><time class='av-magazine-time updated'  itemprop=\"datePublished\" datetime=\"2020-10-31T13:05:54+00:00\" >octobre 31, 2020<\/time><h3 class='av-magazine-title entry-title '  itemprop=\"headline\" ><a href='https:\/\/www.studionegativo.com\/demo\/petite-commune\/budgets-municipal-2020\/' title='Lier vers : Budgets municipal 2020'>Budgets municipal 2020<\/a><\/h3><\/header><\/div><footer class=\"entry-footer\"><\/footer><\/article><article class='av-magazine-entry av-magazine-entry-id-4498 av-magazine-format-standard av-magazine-type-post av-magazine-entry-4 av-magazine-entry-small '  itemscope=\"itemscope\" itemtype=\"https:\/\/schema.org\/CreativeWork\" ><div class=\"av-magazine-thumbnail\"><a href='https:\/\/www.studionegativo.com\/demo\/petite-commune\/budgets-municipal-2019\/' title='Lier vers : Budgets municipal 2019' class='av-magazine-thumbnail-link'><img decoding=\"async\" fetchpriority=\"high\" width=\"80\" height=\"80\" src=\"https:\/\/www.studionegativo.com\/demo\/petite-commune\/wp-content\/uploads\/sites\/16\/2022\/10\/Budgets-municipal-80x80.jpg\" class=\"wp-image-4491 avia-img-lazy-loading-not-4491 attachment-thumbnail size-thumbnail wp-post-image\" alt=\"\" srcset=\"https:\/\/www.studionegativo.com\/demo\/petite-commune\/wp-content\/uploads\/sites\/16\/2022\/10\/Budgets-municipal-80x80.jpg 80w, https:\/\/www.studionegativo.com\/demo\/petite-commune\/wp-content\/uploads\/sites\/16\/2022\/10\/Budgets-municipal-36x36.jpg 36w, https:\/\/www.studionegativo.com\/demo\/petite-commune\/wp-content\/uploads\/sites\/16\/2022\/10\/Budgets-municipal-180x180.jpg 180w\" sizes=\"(max-width: 80px) 100vw, 80px\" \/><\/a><\/div><div class=\"av-magazine-content-wrap\"><header class=\"entry-content-header\" aria-label=\"Articles : Budgets municipal 2019\"><time class='av-magazine-time updated'  itemprop=\"datePublished\" datetime=\"2019-10-31T13:06:17+00:00\" >octobre 31, 2019<\/time><h3 class='av-magazine-title entry-title '  itemprop=\"headline\" ><a href='https:\/\/www.studionegativo.com\/demo\/petite-commune\/budgets-municipal-2019\/' title='Lier vers : Budgets municipal 2019'>Budgets municipal 2019<\/a><\/h3><\/header><\/div><footer class=\"entry-footer\"><\/footer><\/article><\/div><\/div><\/p><\/div><div  class='flex_column av-2dd0g2-298f9f5fbb9acabd094d2b13f9e2195a av_one_fifth  avia-builder-el-5  el_after_av_three_fifth  avia-builder-el-last  flex_column_div  '     ><\/div><\/p>\n","protected":false},"excerpt":{"rendered":"<p>En 2022, 11 projets ont \u00e9t\u00e9 vot\u00e9s.<\/p>\n","protected":false},"author":1,"featured_media":0,"parent":3460,"menu_order":3,"comment_status":"closed","ping_status":"closed","template":"","meta":{"footnotes":""},"class_list":["post-4466","page","type-page","status-publish","hentry"],"_links":{"self":[{"href":"https:\/\/www.studionegativo.com\/demo\/petite-commune\/wp-json\/wp\/v2\/pages\/4466","targetHints":{"allow":["GET"]}}],"collection":[{"href":"https:\/\/www.studionegativo.com\/demo\/petite-commune\/wp-json\/wp\/v2\/pages"}],"about":[{"href":"https:\/\/www.studionegativo.com\/demo\/petite-commune\/wp-json\/wp\/v2\/types\/page"}],"author":[{"embeddable":true,"href":"https:\/\/www.studionegativo.com\/demo\/petite-commune\/wp-json\/wp\/v2\/users\/1"}],"replies":[{"embeddable":true,"href":"https:\/\/www.studionegativo.com\/demo\/petite-commune\/wp-json\/wp\/v2\/comments?post=4466"}],"version-history":[{"count":9,"href":"https:\/\/www.studionegativo.com\/demo\/petite-commune\/wp-json\/wp\/v2\/pages\/4466\/revisions"}],"predecessor-version":[{"id":4873,"href":"https:\/\/www.studionegativo.com\/demo\/petite-commune\/wp-json\/wp\/v2\/pages\/4466\/revisions\/4873"}],"up":[{"embeddable":true,"href":"https:\/\/www.studionegativo.com\/demo\/petite-commune\/wp-json\/wp\/v2\/pages\/3460"}],"wp:attachment":[{"href":"https:\/\/www.studionegativo.com\/demo\/petite-commune\/wp-json\/wp\/v2\/media?parent=4466"}],"curies":[{"name":"wp","href":"https:\/\/api.w.org\/{rel}","templated":true}]}}