{"id":4698,"date":"2022-11-23T13:18:24","date_gmt":"2022-11-23T13:18:24","guid":{"rendered":"https:\/\/www.studionegativo.com\/demo\/petite-commune\/?page_id=4698"},"modified":"2022-11-24T09:37:50","modified_gmt":"2022-11-24T09:37:50","slug":"education","status":"publish","type":"page","link":"https:\/\/www.studionegativo.com\/demo\/petite-commune\/ma-vie-pratique\/education\/","title":{"rendered":"Education"},"content":{"rendered":"\n<style type=\"text\/css\" data-created_by=\"avia_inline_auto\" id=\"style-css-av-kon00l3r-1013232e91eb70fa2d9afe974a4ae280\">\n#top .av-special-heading.av-kon00l3r-1013232e91eb70fa2d9afe974a4ae280{\npadding-bottom:10px;\nfont-size:40px;\n}\nbody .av-special-heading.av-kon00l3r-1013232e91eb70fa2d9afe974a4ae280 .av-special-heading-tag .heading-char{\nfont-size:25px;\n}\n#top #wrap_all .av-special-heading.av-kon00l3r-1013232e91eb70fa2d9afe974a4ae280 .av-special-heading-tag{\nfont-size:40px;\n}\n.av-special-heading.av-kon00l3r-1013232e91eb70fa2d9afe974a4ae280 .av-subheading{\nfont-size:15px;\n}\n\n@media only screen and (min-width: 480px) and (max-width: 767px){ \n#top #wrap_all .av-special-heading.av-kon00l3r-1013232e91eb70fa2d9afe974a4ae280 .av-special-heading-tag{\nfont-size:0.8em;\n}\n}\n\n@media only screen and (max-width: 479px){ \n#top #wrap_all .av-special-heading.av-kon00l3r-1013232e91eb70fa2d9afe974a4ae280 .av-special-heading-tag{\nfont-size:0.8em;\n}\n}\n<\/style>\n<div  class='av-special-heading av-kon00l3r-1013232e91eb70fa2d9afe974a4ae280 av-special-heading-h1 meta-heading blockquote modern-quote  avia-builder-el-0  el_before_av_hr  avia-builder-el-first  av-inherit-size'><h1 class='av-special-heading-tag '  itemprop=\"headline\"  >Education<\/h1><div class=\"special-heading-border\"><div class=\"special-heading-inner-border\"><\/div><\/div><\/div>\n\n<style type=\"text\/css\" data-created_by=\"avia_inline_auto\" id=\"style-css-av-kon0dr7p-1302d8bdb55871b735ae98181cc37306\">\n#top .hr.hr-invisible.av-kon0dr7p-1302d8bdb55871b735ae98181cc37306{\nheight:50px;\n}\n<\/style>\n<div  class='hr av-kon0dr7p-1302d8bdb55871b735ae98181cc37306 hr-invisible  avia-builder-el-1  el_after_av_heading  el_before_av_magazine '><span class='hr-inner '><span class=\"hr-inner-style\"><\/span><\/span><\/div>\n<div  id=\"avia-magazine-1\"  class='av-magazine av-knwztd9x-0e5936767a04a56c5d858d41155ae0fe  avia-builder-el-2  el_after_av_hr  avia-builder-el-last  sn-nodata  avia-builder-el-2  el_after_av_hr  avia-builder-el-last  sn-nodata' ><div class='av-magazine-group sort_all'><article class='av-magazine-entry av-magazine-entry-id-4778 av-magazine-format-link av-magazine-type-post av-magazine-entry-1 av-magazine-entry-small '  itemscope=\"itemscope\" itemtype=\"https:\/\/schema.org\/CreativeWork\" ><div class=\"av-magazine-thumbnail\"><a href='https:\/\/www.service-public.fr\/particuliers\/vosdroits\/N56' title='Lier vers : Coll\u00e8ge et Lyc\u00e9e' class='av-magazine-thumbnail-link'><img decoding=\"async\" fetchpriority=\"high\" width=\"80\" height=\"80\" src=\"https:\/\/www.studionegativo.com\/demo\/petite-commune\/wp-content\/uploads\/sites\/16\/2021\/04\/echarpe-maire-80x80.jpg\" class=\"wp-image-4451 avia-img-lazy-loading-not-4451 attachment-thumbnail size-thumbnail wp-post-image\" alt=\"\" srcset=\"https:\/\/www.studionegativo.com\/demo\/petite-commune\/wp-content\/uploads\/sites\/16\/2021\/04\/echarpe-maire-80x80.jpg 80w, https:\/\/www.studionegativo.com\/demo\/petite-commune\/wp-content\/uploads\/sites\/16\/2021\/04\/echarpe-maire-36x36.jpg 36w, https:\/\/www.studionegativo.com\/demo\/petite-commune\/wp-content\/uploads\/sites\/16\/2021\/04\/echarpe-maire-180x180.jpg 180w\" sizes=\"(max-width: 80px) 100vw, 80px\" \/><\/a><\/div><div class=\"av-magazine-content-wrap\"><header class=\"entry-content-header\" aria-label=\"Articles : Coll\u00e8ge et Lyc\u00e9e\"><time class='av-magazine-time updated'  itemprop=\"datePublished\" datetime=\"2022-11-24T09:37:16+00:00\" >novembre 24, 2022<\/time><h3 class='av-magazine-title entry-title '  itemprop=\"headline\" ><a href='https:\/\/www.service-public.fr\/particuliers\/vosdroits\/N56' title='Lier vers : Coll\u00e8ge et Lyc\u00e9e'>Coll\u00e8ge et Lyc\u00e9e<\/a><\/h3><\/header><\/div><footer class=\"entry-footer\"><\/footer><\/article><article class='av-magazine-entry av-magazine-entry-id-4776 av-magazine-format-link av-magazine-type-post av-magazine-entry-2 av-magazine-entry-small '  itemscope=\"itemscope\" itemtype=\"https:\/\/schema.org\/CreativeWork\" ><div class=\"av-magazine-thumbnail\"><a href='https:\/\/www.service-public.fr\/particuliers\/vosdroits\/N54' title='Lier vers : Maternelle et Primaire' class='av-magazine-thumbnail-link'><img decoding=\"async\" fetchpriority=\"high\" width=\"80\" height=\"80\" src=\"https:\/\/www.studionegativo.com\/demo\/petite-commune\/wp-content\/uploads\/sites\/16\/2021\/04\/echarpe-maire-80x80.jpg\" class=\"wp-image-4451 avia-img-lazy-loading-not-4451 attachment-thumbnail size-thumbnail wp-post-image\" alt=\"\" srcset=\"https:\/\/www.studionegativo.com\/demo\/petite-commune\/wp-content\/uploads\/sites\/16\/2021\/04\/echarpe-maire-80x80.jpg 80w, https:\/\/www.studionegativo.com\/demo\/petite-commune\/wp-content\/uploads\/sites\/16\/2021\/04\/echarpe-maire-36x36.jpg 36w, https:\/\/www.studionegativo.com\/demo\/petite-commune\/wp-content\/uploads\/sites\/16\/2021\/04\/echarpe-maire-180x180.jpg 180w\" sizes=\"(max-width: 80px) 100vw, 80px\" \/><\/a><\/div><div class=\"av-magazine-content-wrap\"><header class=\"entry-content-header\" aria-label=\"Articles : Maternelle et Primaire\"><time class='av-magazine-time updated'  itemprop=\"datePublished\" datetime=\"2022-11-24T09:36:24+00:00\" >novembre 24, 2022<\/time><h3 class='av-magazine-title entry-title '  itemprop=\"headline\" ><a href='https:\/\/www.service-public.fr\/particuliers\/vosdroits\/N54' title='Lier vers : Maternelle et Primaire'>Maternelle et Primaire<\/a><\/h3><\/header><\/div><footer class=\"entry-footer\"><\/footer><\/article><\/div><\/div>\n","protected":false},"excerpt":{"rendered":"","protected":false},"author":1,"featured_media":0,"parent":3574,"menu_order":3,"comment_status":"closed","ping_status":"closed","template":"","meta":{"footnotes":""},"class_list":["post-4698","page","type-page","status-publish","hentry"],"_links":{"self":[{"href":"https:\/\/www.studionegativo.com\/demo\/petite-commune\/wp-json\/wp\/v2\/pages\/4698","targetHints":{"allow":["GET"]}}],"collection":[{"href":"https:\/\/www.studionegativo.com\/demo\/petite-commune\/wp-json\/wp\/v2\/pages"}],"about":[{"href":"https:\/\/www.studionegativo.com\/demo\/petite-commune\/wp-json\/wp\/v2\/types\/page"}],"author":[{"embeddable":true,"href":"https:\/\/www.studionegativo.com\/demo\/petite-commune\/wp-json\/wp\/v2\/users\/1"}],"replies":[{"embeddable":true,"href":"https:\/\/www.studionegativo.com\/demo\/petite-commune\/wp-json\/wp\/v2\/comments?post=4698"}],"version-history":[{"count":2,"href":"https:\/\/www.studionegativo.com\/demo\/petite-commune\/wp-json\/wp\/v2\/pages\/4698\/revisions"}],"predecessor-version":[{"id":4780,"href":"https:\/\/www.studionegativo.com\/demo\/petite-commune\/wp-json\/wp\/v2\/pages\/4698\/revisions\/4780"}],"up":[{"embeddable":true,"href":"https:\/\/www.studionegativo.com\/demo\/petite-commune\/wp-json\/wp\/v2\/pages\/3574"}],"wp:attachment":[{"href":"https:\/\/www.studionegativo.com\/demo\/petite-commune\/wp-json\/wp\/v2\/media?parent=4698"}],"curies":[{"name":"wp","href":"https:\/\/api.w.org\/{rel}","templated":true}]}}