{"id":610,"date":"2017-02-02T12:28:56","date_gmt":"2017-02-02T12:28:56","guid":{"rendered":"http:\/\/test.kriesi.at\/enfold-2017\/?page_id=610"},"modified":"2017-02-02T12:28:56","modified_gmt":"2017-02-02T12:28:56","slug":"politique-de-confidentialite","status":"publish","type":"page","link":"https:\/\/www.studionegativo.com\/demo\/petite-commune\/legal-notice\/politique-de-confidentialite\/","title":{"rendered":"Politique de confidentialit\u00e9"},"content":{"rendered":"\n<style type=\"text\/css\" data-created_by=\"avia_inline_auto\" id=\"style-css-av-1xt8ju-1d0ff52aef585e514e1d48a11ae8e6a3\">\n#top .av-special-heading.av-1xt8ju-1d0ff52aef585e514e1d48a11ae8e6a3{\npadding-bottom:20px;\nfont-size:40px;\n}\nbody .av-special-heading.av-1xt8ju-1d0ff52aef585e514e1d48a11ae8e6a3 .av-special-heading-tag .heading-char{\nfont-size:25px;\n}\n#top #wrap_all .av-special-heading.av-1xt8ju-1d0ff52aef585e514e1d48a11ae8e6a3 .av-special-heading-tag{\nfont-size:40px;\n}\n.av-special-heading.av-1xt8ju-1d0ff52aef585e514e1d48a11ae8e6a3 .av-subheading{\nfont-size:15px;\n}\n\n@media only screen and (min-width: 480px) and (max-width: 767px){ \n#top #wrap_all .av-special-heading.av-1xt8ju-1d0ff52aef585e514e1d48a11ae8e6a3 .av-special-heading-tag{\nfont-size:0.8em;\n}\n}\n\n@media only screen and (max-width: 479px){ \n#top #wrap_all .av-special-heading.av-1xt8ju-1d0ff52aef585e514e1d48a11ae8e6a3 .av-special-heading-tag{\nfont-size:0.8em;\n}\n}\n<\/style>\n<div  class='av-special-heading av-1xt8ju-1d0ff52aef585e514e1d48a11ae8e6a3 av-special-heading-h1 blockquote modern-quote  avia-builder-el-0  el_before_av_one_full  avia-builder-el-first  av-inherit-size'><h1 class='av-special-heading-tag '  itemprop=\"headline\"  >Politique de confidentialit\u00e9<\/h1><div class=\"special-heading-border\"><div class=\"special-heading-inner-border\"><\/div><\/div><\/div>\n\n<style type=\"text\/css\" data-created_by=\"avia_inline_auto\" id=\"style-css-av-1kggoi-006b0b3d23ef978ab4baeeadbc13f95a\">\n.flex_column.av-1kggoi-006b0b3d23ef978ab4baeeadbc13f95a{\nborder-radius:0px 0px 0px 0px;\npadding:0px 0px 0px 0px;\n}\n<\/style>\n<div  class='flex_column av-1kggoi-006b0b3d23ef978ab4baeeadbc13f95a av_one_full  avia-builder-el-1  el_after_av_heading  el_before_av_one_full  first flex_column_div av-zero-column-padding  '     ><section  class='av_textblock_section av-1gxxwa-dd4385084d5f383b7a6a378ad4db2c51 '   itemscope=\"itemscope\" itemtype=\"https:\/\/schema.org\/CreativeWork\" ><div class='avia_textblock'  itemprop=\"text\" ><p>Nous nous engageons \u00e0 ce que la collecte et le traitement des donn\u00e9es personnelles, effectu\u00e9s \u00e0 partir de notre site Internet, soient conformes au R\u00e8glement G\u00e9n\u00e9ral sur la Protection des Donn\u00e9es (RGPD) et \u00e0 la loi Informatique et Libert\u00e9s.<\/p>\n<\/div><\/section><\/div>\n<style type=\"text\/css\" data-created_by=\"avia_inline_auto\" id=\"style-css-av-av_one_full-068220c8262444be99a83ad265bdcedb\">\n.flex_column.av-av_one_full-068220c8262444be99a83ad265bdcedb{\nborder-radius:0px 0px 0px 0px;\npadding:0px 0px 0px 0px;\n}\n<\/style>\n<div  class='flex_column av-av_one_full-068220c8262444be99a83ad265bdcedb av_one_full  avia-builder-el-3  el_after_av_one_full  avia-builder-el-last  first flex_column_div av-zero-column-padding  column-top-margin'     ><section  class='av_textblock_section av-kosa4yvm-f5ecfc9433f45a98d17e55ca030dd5a9 '   itemscope=\"itemscope\" itemtype=\"https:\/\/schema.org\/CreativeWork\" ><div class='avia_textblock'  itemprop=\"text\" ><h2>DONN\u00c9ES PERSONNELLES<\/h2>\n<p>En tant que responsable de traitement des donn\u00e9es du site Internet, nous collectons les donn\u00e9es personnelles des internautes dans le cadre de leur utilisation du site Internet. Dans ce cadre :<\/p>\n<ul>\n<li>Lorsqu&rsquo;un internaute entre en contact avec nous par le biais d&rsquo;un formulaire de contact, l&rsquo;internaute donne express\u00e9ment son accord pour que ses donn\u00e9es personnelles soient utilis\u00e9es pour mener \u00e0 bien sa demande et lui apporter une r\u00e9ponse.<\/li>\n<\/ul>\n<div id=\"container-center\">\n<div id=\"module\" class=\"pagesetter\">\n<div class=\"pub tpl-full tid-2 pid-454 clearfix\">\n<div class=\"area-main\">\n<div class=\"xxclearfix\">\n<div class=\"area-content\">\n<div class=\"pub-content\">\n<h3>CONFORM\u00c9MENT \u00c0 LA LOI INFORMATIQUE ET LIBERT\u00c9S, NOUS NOUS ENGAGEONS \u00c0 :<\/h3>\n<ul>\n<li>Ne pas utiliser les donn\u00e9es personnelles de nos internautes pour d&rsquo;autres finalit\u00e9s que celles pr\u00e9cis\u00e9es ci-dessus<\/li>\n<li>Ne pas publier, divulguer ou transmettre les donn\u00e9es personnelles de nos internautes, sans leur accord pr\u00e9alable et expr\u00e8s<\/li>\n<\/ul>\n<p>La pr\u00e9sente politique de confidentialit\u00e9 peut \u00eatre modifi\u00e9e \u00e0 tout moment, notamment en application des lois et r\u00e8glements en vigueur. Nous vous invitons \u00e0 la consulter r\u00e9guli\u00e8rement pour \u00eatre tenu(e) inform\u00e9(e) de ses modifications \u00e9ventuelles.<\/p>\n<h2>R\u00c9CUP\u00c9RATION OU SUPPRESSION<\/h2>\n<p>Conform\u00e9ment \u00e0 la loi Informatique et Libert\u00e9s, vous disposez d&rsquo;un droit d&rsquo;acc\u00e8s, de modification et de suppression des donn\u00e9es qui vous concernent. Pour l&rsquo;exercer, vous pouvez utiliser <a href=\"https:\/\/www.studionegativo.com\/demo\/mairie\/contact\/\">ce formulaire<\/a>.<\/p>\n<\/div>\n<\/div>\n<\/div>\n<div class=\"tidy-160\"><\/div>\n<\/div>\n<\/div>\n<\/div>\n<\/div>\n<\/div><\/section><\/div><\/p>\n","protected":false},"excerpt":{"rendered":"","protected":false},"author":2,"featured_media":0,"parent":613,"menu_order":0,"comment_status":"closed","ping_status":"closed","template":"","meta":{"footnotes":""},"class_list":["post-610","page","type-page","status-publish","hentry"],"_links":{"self":[{"href":"https:\/\/www.studionegativo.com\/demo\/petite-commune\/wp-json\/wp\/v2\/pages\/610","targetHints":{"allow":["GET"]}}],"collection":[{"href":"https:\/\/www.studionegativo.com\/demo\/petite-commune\/wp-json\/wp\/v2\/pages"}],"about":[{"href":"https:\/\/www.studionegativo.com\/demo\/petite-commune\/wp-json\/wp\/v2\/types\/page"}],"author":[{"embeddable":true,"href":"https:\/\/www.studionegativo.com\/demo\/petite-commune\/wp-json\/wp\/v2\/users\/2"}],"replies":[{"embeddable":true,"href":"https:\/\/www.studionegativo.com\/demo\/petite-commune\/wp-json\/wp\/v2\/comments?post=610"}],"version-history":[{"count":0,"href":"https:\/\/www.studionegativo.com\/demo\/petite-commune\/wp-json\/wp\/v2\/pages\/610\/revisions"}],"up":[{"embeddable":true,"href":"https:\/\/www.studionegativo.com\/demo\/petite-commune\/wp-json\/wp\/v2\/pages\/613"}],"wp:attachment":[{"href":"https:\/\/www.studionegativo.com\/demo\/petite-commune\/wp-json\/wp\/v2\/media?parent=610"}],"curies":[{"name":"wp","href":"https:\/\/api.w.org\/{rel}","templated":true}]}}